{"id":268,"date":"2022-05-25T08:37:14","date_gmt":"2022-05-25T08:37:14","guid":{"rendered":"https:\/\/patiotime.loftocean.com\/demo5\/?page_id=268"},"modified":"2025-05-19T11:31:47","modified_gmt":"2025-05-19T08:31:47","slug":"contact","status":"publish","type":"page","link":"https:\/\/sakupruulikoda.ee\/?page_id=268","title":{"rendered":"Kontakt"},"content":{"rendered":"\t\t<div data-elementor-type=\"wp-page\" data-elementor-id=\"268\" class=\"elementor elementor-268\" data-elementor-post-type=\"page\">\n\t\t\t\t\t\t<section class=\"elementor-section elementor-top-section elementor-element elementor-element-a381dbd elementor-section-boxed elementor-section-height-default elementor-section-height-default\" data-id=\"a381dbd\" data-element_type=\"section\" data-e-type=\"section\">\n\t\t\t\t\t\t<div class=\"elementor-container elementor-column-gap-no\">\n\t\t\t\t\t<div class=\"elementor-column elementor-col-100 elementor-top-column elementor-element elementor-element-6a05e85\" data-id=\"6a05e85\" data-element_type=\"column\" data-e-type=\"column\">\n\t\t\t<div class=\"elementor-widget-wrap\">\n\t\t\t\t\t\t\t<\/div>\n\t\t<\/div>\n\t\t\t\t\t<\/div>\n\t\t<\/section>\n\t\t\t\t<section class=\"elementor-section elementor-top-section elementor-element elementor-element-7ced09d pt-section-content-fullwidth elementor-section-boxed elementor-section-height-default elementor-section-height-default\" data-id=\"7ced09d\" data-element_type=\"section\" data-e-type=\"section\" data-settings=\"{&quot;background_background&quot;:&quot;classic&quot;}\">\n\t\t\t\t\t\t<div class=\"elementor-container elementor-column-gap-no\">\n\t\t\t\t\t<div class=\"elementor-column elementor-col-50 elementor-top-column elementor-element elementor-element-34c1b20\" data-id=\"34c1b20\" data-element_type=\"column\" data-e-type=\"column\">\n\t\t\t<div class=\"elementor-widget-wrap elementor-element-populated\">\n\t\t\t\t\t\t<div class=\"elementor-element elementor-element-239728d elementor-widget elementor-widget-pt_title\" data-id=\"239728d\" data-element_type=\"widget\" data-e-type=\"widget\" data-widget_type=\"pt_title.default\">\n\t\t\t\t<div class=\"elementor-widget-container\">\n\t\t\t\t\t\n        <div class=\"pt-title-wrap\">\t            <div class=\"pt-subtitle-wrap\"><span class=\"pt-subtitle color-secondary style-bordered\">Saku Pruulikoda<\/span><\/div>\t            <h4 class=\"pt-title\">\n\t                V\u00f5tke meiega \u00fchendust\t            <\/h4>\t            <div class=\"pt-title-text color-secondary\">\n\t                <p>T\u00e4ida kontaktvorm v\u00f5i kirjuta meile.\u00a0<br \/>Laudade broneerimine email: <a href=\"mailto:info@sakupruulikoda.ee\">info@sakupruulikoda.ee<\/a><br \/><span style=\"color: var(--secondary-color); font-size: var(--post-text-size); font-family: var(--body-font);\">Toitude tellimine email: <a href=\"mailto:tellimused@sakupruulikoda.ee\" target=\"_blank\" rel=\"noopener\">tellimused@sakupruulikoda.ee<\/a><\/span><\/p><p>Tel:\u00a0+372 5894 1124<\/p><p><span style=\"color: #c49758;\"><strong>Oleme avatud:<\/strong><\/span><br \/><span style=\"color: #c49758;\">E \u2013 T: 11.00 \u2013 15:00<\/span><br \/><span style=\"color: #c49758;\">K \u2013 N: 11:00 \u2013 21:00<\/span><br \/><span style=\"color: #c49758;\">R: 11:00 \u2013 22:00<br \/>L: 12:00 \u2013 22:00<br \/><\/span><span style=\"color: #c49758;\">P: Suletud<\/span><\/p>\t            <\/div>                <div class=\"pt-title-btn\">\n                    <a class=\"button elementor-button-link pt-btn-color-secondary pt-btn-underline\" role=\"button\" href=\"https:\/\/sakupruulikoda.ee\/?page_id=350\">\n                        <span class=\"pt-btn-text\">Broneeri laud<\/span>\n                    <\/a>\n                <\/div>\n                    <\/div>\t\t\t\t<\/div>\n\t\t\t\t<\/div>\n\t\t\t\t\t<\/div>\n\t\t<\/div>\n\t\t\t\t<div class=\"elementor-column elementor-col-50 elementor-top-column elementor-element elementor-element-ea9e194\" data-id=\"ea9e194\" data-element_type=\"column\" data-e-type=\"column\">\n\t\t\t<div class=\"elementor-widget-wrap elementor-element-populated\">\n\t\t\t\t\t\t<div class=\"elementor-element elementor-element-56a3d6e elementor-widget elementor-widget-pt_form_cf7\" data-id=\"56a3d6e\" data-element_type=\"widget\" data-e-type=\"widget\" data-widget_type=\"pt_form_cf7.default\">\n\t\t\t\t<div class=\"elementor-widget-container\">\n\t\t\t\t\t            <div class=\"pt-form-cf7 placeholder-normal\">\n                <div class=\"pt-form-cf7-wrap\">\n<div class=\"wpcf7 no-js\" id=\"wpcf7-f6-o1\" lang=\"et\" dir=\"ltr\" data-wpcf7-id=\"6\">\n<div class=\"screen-reader-response\"><p role=\"status\" aria-live=\"polite\" aria-atomic=\"true\"><\/p> <ul><\/ul><\/div>\n<form action=\"\/index.php?rest_route=%2Fwp%2Fv2%2Fpages%2F268#wpcf7-f6-o1\" method=\"post\" class=\"wpcf7-form init\" aria-label=\"Contact form\" novalidate=\"novalidate\" data-status=\"init\">\n<fieldset class=\"hidden-fields-container\"><input type=\"hidden\" name=\"_wpcf7\" value=\"6\" \/><input type=\"hidden\" name=\"_wpcf7_version\" value=\"6.1.5\" \/><input type=\"hidden\" name=\"_wpcf7_locale\" value=\"et\" \/><input type=\"hidden\" name=\"_wpcf7_unit_tag\" value=\"wpcf7-f6-o1\" \/><input type=\"hidden\" name=\"_wpcf7_container_post\" value=\"0\" \/><input type=\"hidden\" name=\"_wpcf7_posted_data_hash\" value=\"\" \/>\n<\/fieldset>\n<p><label> Nimi<br \/>\n<span class=\"wpcf7-form-control-wrap\" data-name=\"your-name\"><input size=\"40\" maxlength=\"400\" class=\"wpcf7-form-control wpcf7-text wpcf7-validates-as-required\" autocomplete=\"name\" aria-required=\"true\" aria-invalid=\"false\" value=\"\" type=\"text\" name=\"your-name\" \/><\/span> <\/label>\n<\/p>\n<p><label> E-mail<br \/>\n<span class=\"wpcf7-form-control-wrap\" data-name=\"your-email\"><input size=\"40\" maxlength=\"400\" class=\"wpcf7-form-control wpcf7-email wpcf7-validates-as-required wpcf7-text wpcf7-validates-as-email\" autocomplete=\"email\" aria-required=\"true\" aria-invalid=\"false\" value=\"\" type=\"email\" name=\"your-email\" \/><\/span> <\/label>\n<\/p>\n<p><label> Pealkiri<br \/>\n<span class=\"wpcf7-form-control-wrap\" data-name=\"your-subject\"><input size=\"40\" maxlength=\"400\" class=\"wpcf7-form-control wpcf7-text wpcf7-validates-as-required\" aria-required=\"true\" aria-invalid=\"false\" value=\"\" type=\"text\" name=\"your-subject\" \/><\/span> <\/label>\n<\/p>\n<p><label> S\u00f5num<br \/>\n<span class=\"wpcf7-form-control-wrap\" data-name=\"your-message\"><textarea cols=\"40\" rows=\"10\" maxlength=\"2000\" class=\"wpcf7-form-control wpcf7-textarea\" aria-invalid=\"false\" name=\"your-message\"><\/textarea><\/span> <\/label>\n<\/p>\n<p><input class=\"wpcf7-form-control wpcf7-submit has-spinner\" type=\"submit\" value=\"Saada\" \/><br \/>\n<span id=\"wpcf7-69ebb1cbc41e7-wrapper\" class=\"wpcf7-form-control-wrap honeypot-246-wrap\" style=\"display:none !important; visibility:hidden !important;\"><label for=\"wpcf7-69ebb1cbc41e7-field\" class=\"hp-message\">Please leave this field empty.<\/label><input id=\"wpcf7-69ebb1cbc41e7-field\"  class=\"wpcf7-form-control wpcf7-text\" type=\"text\" name=\"honeypot-246\" value=\"\" size=\"40\" tabindex=\"-1\" autocomplete=\"new-password\" \/><\/span>\n<\/p><div class=\"wpcf7-response-output\" aria-hidden=\"true\"><\/div>\n<\/form>\n<\/div>\n<\/div>\n            <\/div>\t\t\t\t<\/div>\n\t\t\t\t<\/div>\n\t\t\t\t\t<\/div>\n\t\t<\/div>\n\t\t\t\t\t<\/div>\n\t\t<\/section>\n\t\t\t\t<\/div>\n\t\t","protected":false},"excerpt":{"rendered":"<p>Saku Pruulikoda V\u00f5tke meiega \u00fchendust T\u00e4ida kontaktvorm v\u00f5i kirjuta meile.\u00a0Laudade broneerimine email: info@sakupruulikoda.eeToitude tellimine email: tellimused@sakupruulikoda.ee Tel:\u00a0+372 5894 1124 Oleme avatud:E \u2013 T: 11.00 \u2013 15:00K \u2013 N: 11:00 \u2013 21:00R: 11:00 \u2013 22:00L: 12:00 \u2013 22:00P: Suletud Broneeri laud Nimi E-mail Pealkiri S\u00f5num Please leave this field empty.<\/p>\n","protected":false},"author":1,"featured_media":0,"parent":0,"menu_order":0,"comment_status":"closed","ping_status":"closed","template":"template-wide-content.php","meta":{"patiotime_single_page_hide_site_header":"","patiotime_single_page_site_header_source":"","patiotime_single_page_custom_site_header":"0","patiotime_single_page_custom_sticky_site_header":"0","patiotime_single_page_custom_page_title_margin_top_source":"","patiotime_single_page_custom_page_title_desktop_margin_top":"","patiotime_single_page_custom_page_title_tablet_margin_top":"","patiotime_single_page_custom_page_title_mobile_margin_top":"","patiotime_single_page_hide_page_title":"on","patiotime_single_page_header_section_size":"","patiotime_single_page_header_background_color":"","patiotime_single_page_header_background_position_x":"center","patiotime_single_page_header_background_position_y":"center","patiotime_single_page_header_background_size":"cover","patiotime_single_page_header_background_repeat":"off","patiotime_single_page_header_background_scroll":"on","patiotime_single_page_header_text_color":"","patiotime_single_page_header_show_breadcrumb":"","patiotime_single_page_site_footer_hide_main":"","patiotime_single_custom_site_footer_main_source":"","patiotime_single_custom_site_footer_main":"0","patiotime_single_page_site_footer_hide_above":"","patiotime_single_custom_site_footer_above_source":"","patiotime_single_custom_site_footer_above":"0","patiotime_single_page_site_footer_hide_instagram":"","patiotime_single_page_site_footer_hide_bottom":"","patiotime_single_custom_mobile_menu_source":"","patiotime_single_custom_mobile_menu":"0","patiotime_single_custom_mobile_menu_animation":"","patiotime_single_custom_mobile_menu_width":"","patiotime_single_custom_mobile_menu_custom_width":375,"footnotes":""},"class_list":["post-268","page","type-page","status-publish","hentry"],"yoast_head":"<!-- This site is optimized with the Yoast SEO plugin v27.4 - https:\/\/yoast.com\/product\/yoast-seo-wordpress\/ -->\n<title>Kontakt - Saku Pruulikoda<\/title>\n<meta name=\"robots\" content=\"index, follow, max-snippet:-1, max-image-preview:large, max-video-preview:-1\" \/>\n<link rel=\"canonical\" href=\"https:\/\/sakupruulikoda.ee\/?page_id=268\" \/>\n<meta property=\"og:locale\" content=\"et_EE\" \/>\n<meta property=\"og:type\" content=\"article\" \/>\n<meta property=\"og:title\" content=\"Kontakt - Saku Pruulikoda\" \/>\n<meta property=\"og:description\" content=\"Saku Pruulikoda V\u00f5tke meiega \u00fchendust T\u00e4ida kontaktvorm v\u00f5i kirjuta meile.\u00a0Laudade broneerimine email: info@sakupruulikoda.eeToitude tellimine email: tellimused@sakupruulikoda.ee Tel:\u00a0+372 5894 1124 Oleme avatud:E \u2013 T: 11.00 \u2013 15:00K \u2013 N: 11:00 \u2013 21:00R: 11:00 \u2013 22:00L: 12:00 \u2013 22:00P: Suletud Broneeri laud Nimi E-mail Pealkiri S\u00f5num Please leave this field empty.\" \/>\n<meta property=\"og:url\" content=\"https:\/\/sakupruulikoda.ee\/?page_id=268\" \/>\n<meta property=\"og:site_name\" content=\"Saku Pruulikoda\" \/>\n<meta property=\"article:modified_time\" content=\"2025-05-19T08:31:47+00:00\" \/>\n<meta name=\"twitter:card\" content=\"summary_large_image\" \/>\n<meta name=\"twitter:label1\" content=\"Est. reading time\" \/>\n\t<meta name=\"twitter:data1\" content=\"1 minut\" \/>\n<script type=\"application\/ld+json\" class=\"yoast-schema-graph\">{\"@context\":\"https:\\\/\\\/schema.org\",\"@graph\":[{\"@type\":\"WebPage\",\"@id\":\"https:\\\/\\\/sakupruulikoda.ee\\\/?page_id=268\",\"url\":\"https:\\\/\\\/sakupruulikoda.ee\\\/?page_id=268\",\"name\":\"Kontakt - Saku Pruulikoda\",\"isPartOf\":{\"@id\":\"https:\\\/\\\/sakupruulikoda.ee\\\/#website\"},\"datePublished\":\"2022-05-25T08:37:14+00:00\",\"dateModified\":\"2025-05-19T08:31:47+00:00\",\"breadcrumb\":{\"@id\":\"https:\\\/\\\/sakupruulikoda.ee\\\/?page_id=268#breadcrumb\"},\"inLanguage\":\"et\",\"potentialAction\":[{\"@type\":\"ReadAction\",\"target\":[\"https:\\\/\\\/sakupruulikoda.ee\\\/?page_id=268\"]}]},{\"@type\":\"BreadcrumbList\",\"@id\":\"https:\\\/\\\/sakupruulikoda.ee\\\/?page_id=268#breadcrumb\",\"itemListElement\":[{\"@type\":\"ListItem\",\"position\":1,\"name\":\"Home\",\"item\":\"https:\\\/\\\/sakupruulikoda.ee\\\/\"},{\"@type\":\"ListItem\",\"position\":2,\"name\":\"Kontakt\"}]},{\"@type\":\"WebSite\",\"@id\":\"https:\\\/\\\/sakupruulikoda.ee\\\/#website\",\"url\":\"https:\\\/\\\/sakupruulikoda.ee\\\/\",\"name\":\"Saku Pruulikoda\",\"description\":\"Saku Pruulikoda, Pubi, Saku Pubi\",\"publisher\":{\"@id\":\"https:\\\/\\\/sakupruulikoda.ee\\\/#organization\"},\"potentialAction\":[{\"@type\":\"SearchAction\",\"target\":{\"@type\":\"EntryPoint\",\"urlTemplate\":\"https:\\\/\\\/sakupruulikoda.ee\\\/?s={search_term_string}\"},\"query-input\":{\"@type\":\"PropertyValueSpecification\",\"valueRequired\":true,\"valueName\":\"search_term_string\"}}],\"inLanguage\":\"et\"},{\"@type\":\"Organization\",\"@id\":\"https:\\\/\\\/sakupruulikoda.ee\\\/#organization\",\"name\":\"Saku Pruulikoda\",\"url\":\"https:\\\/\\\/sakupruulikoda.ee\\\/\",\"logo\":{\"@type\":\"ImageObject\",\"inLanguage\":\"et\",\"@id\":\"https:\\\/\\\/sakupruulikoda.ee\\\/#\\\/schema\\\/logo\\\/image\\\/\",\"url\":\"https:\\\/\\\/sakupruulikoda.ee\\\/wp-content\\\/uploads\\\/2024\\\/10\\\/saku_pruulikoda.png\",\"contentUrl\":\"https:\\\/\\\/sakupruulikoda.ee\\\/wp-content\\\/uploads\\\/2024\\\/10\\\/saku_pruulikoda.png\",\"width\":2071,\"height\":1739,\"caption\":\"Saku Pruulikoda\"},\"image\":{\"@id\":\"https:\\\/\\\/sakupruulikoda.ee\\\/#\\\/schema\\\/logo\\\/image\\\/\"}}]}<\/script>\n<!-- \/ Yoast SEO plugin. -->","yoast_head_json":{"title":"Kontakt - Saku Pruulikoda","robots":{"index":"index","follow":"follow","max-snippet":"max-snippet:-1","max-image-preview":"max-image-preview:large","max-video-preview":"max-video-preview:-1"},"canonical":"https:\/\/sakupruulikoda.ee\/?page_id=268","og_locale":"et_EE","og_type":"article","og_title":"Kontakt - Saku Pruulikoda","og_description":"Saku Pruulikoda V\u00f5tke meiega \u00fchendust T\u00e4ida kontaktvorm v\u00f5i kirjuta meile.\u00a0Laudade broneerimine email: info@sakupruulikoda.eeToitude tellimine email: tellimused@sakupruulikoda.ee Tel:\u00a0+372 5894 1124 Oleme avatud:E \u2013 T: 11.00 \u2013 15:00K \u2013 N: 11:00 \u2013 21:00R: 11:00 \u2013 22:00L: 12:00 \u2013 22:00P: Suletud Broneeri laud Nimi E-mail Pealkiri S\u00f5num Please leave this field empty.","og_url":"https:\/\/sakupruulikoda.ee\/?page_id=268","og_site_name":"Saku Pruulikoda","article_modified_time":"2025-05-19T08:31:47+00:00","twitter_card":"summary_large_image","twitter_misc":{"Est. reading time":"1 minut"},"schema":{"@context":"https:\/\/schema.org","@graph":[{"@type":"WebPage","@id":"https:\/\/sakupruulikoda.ee\/?page_id=268","url":"https:\/\/sakupruulikoda.ee\/?page_id=268","name":"Kontakt - Saku Pruulikoda","isPartOf":{"@id":"https:\/\/sakupruulikoda.ee\/#website"},"datePublished":"2022-05-25T08:37:14+00:00","dateModified":"2025-05-19T08:31:47+00:00","breadcrumb":{"@id":"https:\/\/sakupruulikoda.ee\/?page_id=268#breadcrumb"},"inLanguage":"et","potentialAction":[{"@type":"ReadAction","target":["https:\/\/sakupruulikoda.ee\/?page_id=268"]}]},{"@type":"BreadcrumbList","@id":"https:\/\/sakupruulikoda.ee\/?page_id=268#breadcrumb","itemListElement":[{"@type":"ListItem","position":1,"name":"Home","item":"https:\/\/sakupruulikoda.ee\/"},{"@type":"ListItem","position":2,"name":"Kontakt"}]},{"@type":"WebSite","@id":"https:\/\/sakupruulikoda.ee\/#website","url":"https:\/\/sakupruulikoda.ee\/","name":"Saku Pruulikoda","description":"Saku Pruulikoda, Pubi, Saku Pubi","publisher":{"@id":"https:\/\/sakupruulikoda.ee\/#organization"},"potentialAction":[{"@type":"SearchAction","target":{"@type":"EntryPoint","urlTemplate":"https:\/\/sakupruulikoda.ee\/?s={search_term_string}"},"query-input":{"@type":"PropertyValueSpecification","valueRequired":true,"valueName":"search_term_string"}}],"inLanguage":"et"},{"@type":"Organization","@id":"https:\/\/sakupruulikoda.ee\/#organization","name":"Saku Pruulikoda","url":"https:\/\/sakupruulikoda.ee\/","logo":{"@type":"ImageObject","inLanguage":"et","@id":"https:\/\/sakupruulikoda.ee\/#\/schema\/logo\/image\/","url":"https:\/\/sakupruulikoda.ee\/wp-content\/uploads\/2024\/10\/saku_pruulikoda.png","contentUrl":"https:\/\/sakupruulikoda.ee\/wp-content\/uploads\/2024\/10\/saku_pruulikoda.png","width":2071,"height":1739,"caption":"Saku Pruulikoda"},"image":{"@id":"https:\/\/sakupruulikoda.ee\/#\/schema\/logo\/image\/"}}]}},"_links":{"self":[{"href":"https:\/\/sakupruulikoda.ee\/index.php?rest_route=\/wp\/v2\/pages\/268","targetHints":{"allow":["GET"]}}],"collection":[{"href":"https:\/\/sakupruulikoda.ee\/index.php?rest_route=\/wp\/v2\/pages"}],"about":[{"href":"https:\/\/sakupruulikoda.ee\/index.php?rest_route=\/wp\/v2\/types\/page"}],"author":[{"embeddable":true,"href":"https:\/\/sakupruulikoda.ee\/index.php?rest_route=\/wp\/v2\/users\/1"}],"replies":[{"embeddable":true,"href":"https:\/\/sakupruulikoda.ee\/index.php?rest_route=%2Fwp%2Fv2%2Fcomments&post=268"}],"version-history":[{"count":45,"href":"https:\/\/sakupruulikoda.ee\/index.php?rest_route=\/wp\/v2\/pages\/268\/revisions"}],"predecessor-version":[{"id":2468,"href":"https:\/\/sakupruulikoda.ee\/index.php?rest_route=\/wp\/v2\/pages\/268\/revisions\/2468"}],"wp:attachment":[{"href":"https:\/\/sakupruulikoda.ee\/index.php?rest_route=%2Fwp%2Fv2%2Fmedia&parent=268"}],"curies":[{"name":"wp","href":"https:\/\/api.w.org\/{rel}","templated":true}]}}